{"id":629,"date":"2024-07-10T13:02:29","date_gmt":"2024-07-10T11:02:29","guid":{"rendered":"https:\/\/rotaneo.upvision.site\/duesen-zum-strahlen\/"},"modified":"2024-07-10T13:02:30","modified_gmt":"2024-07-10T11:02:30","slug":"duesen-zum-strahlen","status":"publish","type":"page","link":"https:\/\/www.rotaneo.sk\/de\/duesen-zum-strahlen\/","title":{"rendered":"D\u00fcsen zum Strahlen"},"content":{"rendered":"<div class=\"wpb-content-wrapper\"><p>[vc_row][vc_column]\t\t\t<link rel=\"stylesheet\" id=\"wd-text-block-css\" href=\"https:\/\/www.rotaneo.sk\/wp-content\/themes\/woodmart\/css\/parts\/el-text-block.min.css?ver=7.2.5\" type=\"text\/css\" media=\"all\" \/> \t\t\t\t\t<div id=\"wd-6650a0852029c\" class=\"wd-text-block wd-wpb reset-last-child wd-rs-6650a0852029c text-left \">\n\t\t\t<p>ROTANEO s.r.o. bietet auf dem Markt eine breite Palette von D\u00fcsen f\u00fcr die Vorbehandlung durch Strahlen (Sandstrahlen) aus hochbest\u00e4ndigen Qualit\u00e4tsmaterialien an. Wir f\u00fchren ein breites Sortiment an Venturid\u00fcsen f\u00fcr die Oberfl\u00e4chenbehandlung von Materialien, D\u00fcsen f\u00fcr das Innenstrahlen von Rohrw\u00e4nden und f\u00fcr manuelle Injektor- und Druckstrahlger\u00e4te &#8211; Pistolen mit Borkarbid &#8211; B4C-D\u00fcse<\/p>\n\t\t<\/div>\n\t\t[\/vc_column][\/vc_row][vc_row css=&#8220;.vc_custom_1716556368090{margin-top: 80px !important;}&#8220; woodmart_css_id=&#8220;66509249a344d&#8220; responsive_spacing=&#8220;eyJwYXJhbV90eXBlIjoid29vZG1hcnRfcmVzcG9uc2l2ZV9zcGFjaW5nIiwic2VsZWN0b3JfaWQiOiI2NjUwOTI0OWEzNDRkIiwic2hvcnRjb2RlIjoidmNfcm93IiwiZGF0YSI6eyJ0YWJsZXQiOnt9LCJtb2JpbGUiOnt9fX0=&#8220; mobile_bg_img_hidden=&#8220;no&#8220; tablet_bg_img_hidden=&#8220;no&#8220; woodmart_parallax=&#8220;0&#8243; woodmart_gradient_switch=&#8220;no&#8220; woodmart_box_shadow=&#8220;no&#8220; wd_z_index=&#8220;no&#8220; woodmart_disable_overflow=&#8220;0&#8243; row_reverse_mobile=&#8220;0&#8243; row_reverse_tablet=&#8220;0&#8243;][vc_column][vc_basic_grid post_type=&#8220;portfolio&#8220; max_items=&#8220;10&#8243; item=&#8220;78&#8243; css=&#8220;&#8220; grid_id=&#8220;vc_gid:1716560004691-5dd196c4b70b990292bc646c31c9f27a-1&#8243; taxonomies=&#8220;8&#8243;][\/vc_column][\/vc_row][vc_row woodmart_css_id=&#8220;6650923ad96d9&#8243; responsive_spacing=&#8220;eyJwYXJhbV90eXBlIjoid29vZG1hcnRfcmVzcG9uc2l2ZV9zcGFjaW5nIiwic2VsZWN0b3JfaWQiOiI2NjUwOTIzYWQ5NmQ5Iiwic2hvcnRjb2RlIjoidmNfcm93IiwiZGF0YSI6eyJ0YWJsZXQiOnt9LCJtb2JpbGUiOnt9fX0=&#8220; mobile_bg_img_hidden=&#8220;no&#8220; tablet_bg_img_hidden=&#8220;no&#8220; woodmart_parallax=&#8220;0&#8243; woodmart_gradient_switch=&#8220;no&#8220; woodmart_box_shadow=&#8220;no&#8220; wd_z_index=&#8220;no&#8220; woodmart_disable_overflow=&#8220;0&#8243; row_reverse_mobile=&#8220;0&#8243; row_reverse_tablet=&#8220;0&#8243; css=&#8220;.vc_custom_1716556356336{margin-top: 80px !important;}&#8220;][vc_column]<style data-type=\"vc_shortcodes-custom-css\">#wd-668bc3aa8940e .woodmart-title-container{font-size:40px;line-height:50px;}#wd-668bc3aa8940e .title-subtitle{font-size:16px;line-height:20px;}#wd-668bc3aa8940e .title-after_title{line-height:26px;font-size:16px;}@media (max-width: 1199px) {#wd-668bc3aa8940e .woodmart-title-container{font-size:36px;line-height:42px;}}@media (max-width: 767px) {#wd-668bc3aa8940e .woodmart-title-container{font-size:28px;line-height:34px;}}<\/style>[vc_row][vc_column offset=\"vc_col-md-6\" woodmart_css_id=\"664c527a9ef91\" parallax_scroll=\"no\" woodmart_sticky_column=\"false\" wd_collapsible_content_switcher=\"no\" wd_column_role_offcanvas_desktop=\"no\" wd_column_role_offcanvas_tablet=\"no\" wd_column_role_offcanvas_mobile=\"no\" wd_column_role_content_desktop=\"no\" wd_column_role_content_tablet=\"no\" wd_column_role_content_mobile=\"no\" mobile_bg_img_hidden=\"no\" tablet_bg_img_hidden=\"no\" woodmart_parallax=\"0\" woodmart_box_shadow=\"no\" responsive_spacing=\"eyJwYXJhbV90eXBlIjoid29vZG1hcnRfcmVzcG9uc2l2ZV9zcGFjaW5nIiwic2VsZWN0b3JfaWQiOiI2NjRjNTI3YTllZjkxIiwic2hvcnRjb2RlIjoidmNfY29sdW1uIiwiZGF0YSI6eyJ0YWJsZXQiOnt9LCJtb2JpbGUiOnt9fX0=\" mobile_reset_margin=\"no\" tablet_reset_margin=\"no\" wd_z_index=\"no\"]\t\t\t<link rel=\"stylesheet\" id=\"wd-section-title-css\" href=\"https:\/\/www.rotaneo.sk\/wp-content\/themes\/woodmart\/css\/parts\/el-section-title.min.css?ver=7.2.5\" type=\"text\/css\" media=\"all\" \/> \t\t\t\t\t\t<link rel=\"stylesheet\" id=\"wd-mod-highlighted-text-css\" href=\"https:\/\/www.rotaneo.sk\/wp-content\/themes\/woodmart\/css\/parts\/mod-highlighted-text.min.css?ver=7.2.5\" type=\"text\/css\" media=\"all\" \/> \t\t\t\n\t\t<div id=\"wd-668bc3aa8940e\" class=\"title-wrapper wd-wpb set-mb-s reset-last-child  wd-rs-668bc3aa8940e wd-title-color-alt wd-title-style-default text-left  wd-underline-colored\">\n\t\t\t\n\t\t\t<div class=\"liner-continer\">\n\t\t\t\t<h2 class=\"woodmart-title-container title  wd-font-weight- wd-fontsize-l\" >Sind Sie an unseren Dienstleistungen interessiert?\nKontaktieren Sie uns!<\/h2>\n\t\t\t\t\t\t\t<\/div>\n\t\t\t\n\t\t\t\n\t\t\t\n\t\t<\/div>\n\t\t\n\t\t[\/vc_column][vc_column offset=\"vc_col-md-6\" woodmart_css_id=\"664c52880889c\" parallax_scroll=\"no\" woodmart_sticky_column=\"false\" wd_collapsible_content_switcher=\"no\" wd_column_role_offcanvas_desktop=\"no\" wd_column_role_offcanvas_tablet=\"no\" wd_column_role_offcanvas_mobile=\"no\" wd_column_role_content_desktop=\"no\" wd_column_role_content_tablet=\"no\" wd_column_role_content_mobile=\"no\" mobile_bg_img_hidden=\"no\" tablet_bg_img_hidden=\"no\" woodmart_parallax=\"0\" woodmart_box_shadow=\"no\" responsive_spacing=\"eyJwYXJhbV90eXBlIjoid29vZG1hcnRfcmVzcG9uc2l2ZV9zcGFjaW5nIiwic2VsZWN0b3JfaWQiOiI2NjRjNTI4ODA4ODljIiwic2hvcnRjb2RlIjoidmNfY29sdW1uIiwiZGF0YSI6eyJ0YWJsZXQiOnt9LCJtb2JpbGUiOnt9fX0=\" mobile_reset_margin=\"no\" tablet_reset_margin=\"no\" wd_z_index=\"no\"]\n<div class=\"wpcf7 no-js\" id=\"wpcf7-f724-o1\" lang=\"de-DE\" dir=\"ltr\">\n<div class=\"screen-reader-response\"><p role=\"status\" aria-live=\"polite\" aria-atomic=\"true\"><\/p> <ul><\/ul><\/div>\n<form action=\"\/de\/wp-json\/wp\/v2\/pages\/629#wpcf7-f724-o1\" method=\"post\" class=\"wpcf7-form init\" aria-label=\"Kontaktformular\" novalidate=\"novalidate\" data-status=\"init\">\n<div style=\"display: none;\">\n<input type=\"hidden\" name=\"_wpcf7\" value=\"724\" \/>\n<input type=\"hidden\" name=\"_wpcf7_version\" value=\"5.9.8\" \/>\n<input type=\"hidden\" name=\"_wpcf7_locale\" value=\"de_DE\" \/>\n<input type=\"hidden\" name=\"_wpcf7_unit_tag\" value=\"wpcf7-f724-o1\" \/>\n<input type=\"hidden\" name=\"_wpcf7_container_post\" value=\"0\" \/>\n<input type=\"hidden\" name=\"_wpcf7_posted_data_hash\" value=\"\" \/>\n<\/div>\n<div class=\"cf-grid\">\n\t<p><label> Ihr Name und Nachname *<br \/>\n<span class=\"wpcf7-form-control-wrap\" data-name=\"fullname\"><input size=\"40\" maxlength=\"400\" class=\"wpcf7-form-control wpcf7-text wpcf7-validates-as-required\" autocomplete=\"name\" aria-required=\"true\" aria-invalid=\"false\" placeholder=\"Ihr Name und Nachname\" value=\"\" type=\"text\" name=\"fullname\" \/><\/span> <\/label>\n\t<\/p>\n\t<p><label> Name der Firma<br \/>\n<span class=\"wpcf7-form-control-wrap\" data-name=\"company\"><input size=\"40\" maxlength=\"400\" class=\"wpcf7-form-control wpcf7-text\" autocomplete=\"organization\" aria-invalid=\"false\" placeholder=\"Name der Firma\" value=\"\" type=\"text\" name=\"company\" \/><\/span> <\/label>\n\t<\/p>\n<\/div>\n<div class=\"cf-grid\">\n\t<p><label> Telefonnummer *<br \/>\n<span class=\"wpcf7-form-control-wrap\" data-name=\"phone\"><input size=\"40\" maxlength=\"400\" class=\"wpcf7-form-control wpcf7-tel wpcf7-validates-as-required wpcf7-text wpcf7-validates-as-tel\" autocomplete=\"tel\" aria-required=\"true\" aria-invalid=\"false\" placeholder=\"+421 911 111 222\" value=\"\" type=\"tel\" name=\"phone\" \/><\/span> <\/label>\n\t<\/p>\n\t<p><label> Ihre E-Mail *<br \/>\n<span class=\"wpcf7-form-control-wrap\" data-name=\"email\"><input size=\"40\" maxlength=\"400\" class=\"wpcf7-form-control wpcf7-email wpcf7-validates-as-required wpcf7-text wpcf7-validates-as-email\" autocomplete=\"email\" aria-required=\"true\" aria-invalid=\"false\" placeholder=\"beispiel@email.sk\" value=\"\" type=\"email\" name=\"email\" \/><\/span> <\/label>\n\t<\/p>\n<\/div>\n<p><label> Ihre Nachricht<br \/>\n<span class=\"wpcf7-form-control-wrap\" data-name=\"message\"><textarea cols=\"40\" rows=\"10\" maxlength=\"2000\" class=\"wpcf7-form-control wpcf7-textarea\" aria-invalid=\"false\" placeholder=\"Geben Sie hier Ihre Nachricht ein\" name=\"message\"><\/textarea><\/span> <\/label>\n<\/p>\n<div class=\"cf-flex\">\n\t<p><input class=\"wpcf7-form-control wpcf7-submit has-spinner\" type=\"submit\" value=\"Senden an\" \/>\n\t<\/p>\n\t<p class=\"gdpr-notice\">Wir verarbeiten Ihre personenbezogenen Daten, um Ihre Anfrage zu bearbeiten. Lesen Sie mehr im Abschnitt <a href=\"\/datenschutz\/\">Datenschutz<\/a>.\n\t<\/p>\n<\/div><div class=\"wpcf7-response-output\" aria-hidden=\"true\"><\/div>\n<\/form>\n<\/div>\n[\/vc_column][\/vc_row][\/vc_column][\/vc_row]<\/p>\n<\/div>","protected":false},"excerpt":{"rendered":"<p>[vc_row][vc_column][\/vc_column][\/vc_row][vc_row css=&#8220;.vc_custom_1716556368090{margin-top: 80px !important;}&#8220; woodmart_css_id=&#8220;66509249a344d&#8220; responsive_spacing=&#8220;eyJwYXJhbV90eXBlIjoid29vZG1hcnRfcmVzcG9uc2l2ZV9zcGFjaW5nIiwic2VsZWN0b3JfaWQiOiI2NjUwOTI0OWEzNDRkIiwic2hvcnRjb2RlIjoidmNfcm93IiwiZGF0YSI6eyJ0YWJsZXQiOnt9LCJtb2JpbGUiOnt9fX0=&#8220; mobile_bg_img_hidden=&#8220;no&#8220; tablet_bg_img_hidden=&#8220;no&#8220; woodmart_parallax=&#8220;0&#8243; woodmart_gradient_switch=&#8220;no&#8220; woodmart_box_shadow=&#8220;no&#8220; wd_z_index=&#8220;no&#8220; woodmart_disable_overflow=&#8220;0&#8243; row_reverse_mobile=&#8220;0&#8243; row_reverse_tablet=&#8220;0&#8243;][vc_column][vc_basic_grid post_type=&#8220;portfolio&#8220; max_items=&#8220;10&#8243; item=&#8220;78&#8243; css=&#8220;&#8220; grid_id=&#8220;vc_gid:1716560004691-5dd196c4b70b990292bc646c31c9f27a-1&#8243;<\/p>\n","protected":false},"author":1,"featured_media":390,"parent":0,"menu_order":0,"comment_status":"closed","ping_status":"closed","template":"","meta":{"footnotes":""},"class_list":["post-629","page","type-page","status-publish","has-post-thumbnail","hentry"],"yoast_head":"<!-- This site is optimized with the Yoast SEO plugin v23.4 - https:\/\/yoast.com\/wordpress\/plugins\/seo\/ -->\n<title>D\u00fcsen zum Strahlen | Rotaneo<\/title>\n<meta name=\"robots\" content=\"index, follow, max-snippet:-1, max-image-preview:large, max-video-preview:-1\" \/>\n<link rel=\"canonical\" href=\"https:\/\/www.rotaneo.sk\/de\/duesen-zum-strahlen\/\" \/>\n<meta property=\"og:locale\" content=\"de_DE\" \/>\n<meta property=\"og:type\" content=\"article\" \/>\n<meta property=\"og:title\" content=\"D\u00fcsen zum Strahlen | Rotaneo\" \/>\n<meta property=\"og:description\" content=\"[vc_row][vc_column][\/vc_column][\/vc_row][vc_row css=&#8220;.vc_custom_1716556368090{margin-top: 80px !important;}&#8220; woodmart_css_id=&#8220;66509249a344d&#8220; responsive_spacing=&#8220;eyJwYXJhbV90eXBlIjoid29vZG1hcnRfcmVzcG9uc2l2ZV9zcGFjaW5nIiwic2VsZWN0b3JfaWQiOiI2NjUwOTI0OWEzNDRkIiwic2hvcnRjb2RlIjoidmNfcm93IiwiZGF0YSI6eyJ0YWJsZXQiOnt9LCJtb2JpbGUiOnt9fX0=&#8220; mobile_bg_img_hidden=&#8220;no&#8220; tablet_bg_img_hidden=&#8220;no&#8220; woodmart_parallax=&#8220;0&#8243; woodmart_gradient_switch=&#8220;no&#8220; woodmart_box_shadow=&#8220;no&#8220; wd_z_index=&#8220;no&#8220; woodmart_disable_overflow=&#8220;0&#8243; row_reverse_mobile=&#8220;0&#8243; row_reverse_tablet=&#8220;0&#8243;][vc_column][vc_basic_grid post_type=&#8220;portfolio&#8220; max_items=&#8220;10&#8243; item=&#8220;78&#8243; css=&#8220;&#8220; grid_id=&#8220;vc_gid:1716560004691-5dd196c4b70b990292bc646c31c9f27a-1&#8243;\" \/>\n<meta property=\"og:url\" content=\"https:\/\/www.rotaneo.sk\/de\/duesen-zum-strahlen\/\" \/>\n<meta property=\"og:site_name\" content=\"Rotaneo\" \/>\n<meta property=\"article:modified_time\" content=\"2024-07-10T11:02:30+00:00\" \/>\n<meta property=\"og:image\" content=\"https:\/\/www.rotaneo.sk\/wp-content\/uploads\/2024\/06\/Trysky-na-otryskavanie.png\" \/>\n\t<meta property=\"og:image:width\" content=\"580\" \/>\n\t<meta property=\"og:image:height\" content=\"379\" \/>\n\t<meta property=\"og:image:type\" content=\"image\/png\" \/>\n<meta name=\"twitter:card\" content=\"summary_large_image\" \/>\n<meta name=\"twitter:label1\" content=\"Gesch\u00e4tzte Lesezeit\" \/>\n\t<meta name=\"twitter:data1\" content=\"2\u00a0Minuten\" \/>\n<script type=\"application\/ld+json\" class=\"yoast-schema-graph\">{\"@context\":\"https:\/\/schema.org\",\"@graph\":[{\"@type\":\"WebPage\",\"@id\":\"https:\/\/www.rotaneo.sk\/de\/duesen-zum-strahlen\/\",\"url\":\"https:\/\/www.rotaneo.sk\/de\/duesen-zum-strahlen\/\",\"name\":\"D\u00fcsen zum Strahlen | Rotaneo\",\"isPartOf\":{\"@id\":\"https:\/\/www.rotaneo.sk\/#website\"},\"primaryImageOfPage\":{\"@id\":\"https:\/\/www.rotaneo.sk\/de\/duesen-zum-strahlen\/#primaryimage\"},\"image\":{\"@id\":\"https:\/\/www.rotaneo.sk\/de\/duesen-zum-strahlen\/#primaryimage\"},\"thumbnailUrl\":\"https:\/\/www.rotaneo.sk\/wp-content\/uploads\/2024\/06\/Trysky-na-otryskavanie.png\",\"datePublished\":\"2024-07-10T11:02:29+00:00\",\"dateModified\":\"2024-07-10T11:02:30+00:00\",\"breadcrumb\":{\"@id\":\"https:\/\/www.rotaneo.sk\/de\/duesen-zum-strahlen\/#breadcrumb\"},\"inLanguage\":\"de\",\"potentialAction\":[{\"@type\":\"ReadAction\",\"target\":[\"https:\/\/www.rotaneo.sk\/de\/duesen-zum-strahlen\/\"]}]},{\"@type\":\"ImageObject\",\"inLanguage\":\"de\",\"@id\":\"https:\/\/www.rotaneo.sk\/de\/duesen-zum-strahlen\/#primaryimage\",\"url\":\"https:\/\/www.rotaneo.sk\/wp-content\/uploads\/2024\/06\/Trysky-na-otryskavanie.png\",\"contentUrl\":\"https:\/\/www.rotaneo.sk\/wp-content\/uploads\/2024\/06\/Trysky-na-otryskavanie.png\",\"width\":580,\"height\":379},{\"@type\":\"BreadcrumbList\",\"@id\":\"https:\/\/www.rotaneo.sk\/de\/duesen-zum-strahlen\/#breadcrumb\",\"itemListElement\":[{\"@type\":\"ListItem\",\"position\":1,\"name\":\"Domovsk\u00e1 str\u00e1nka\",\"item\":\"https:\/\/www.rotaneo.sk\/de\/\"},{\"@type\":\"ListItem\",\"position\":2,\"name\":\"D\u00fcsen zum Strahlen\"}]},{\"@type\":\"WebSite\",\"@id\":\"https:\/\/www.rotaneo.sk\/#website\",\"url\":\"https:\/\/www.rotaneo.sk\/\",\"name\":\"Rotaneo\",\"description\":\"Profesion\u00e1lny v\u00fdrobca technickej keramiky\",\"publisher\":{\"@id\":\"https:\/\/www.rotaneo.sk\/#organization\"},\"potentialAction\":[{\"@type\":\"SearchAction\",\"target\":{\"@type\":\"EntryPoint\",\"urlTemplate\":\"https:\/\/www.rotaneo.sk\/?s={search_term_string}\"},\"query-input\":{\"@type\":\"PropertyValueSpecification\",\"valueRequired\":true,\"valueName\":\"search_term_string\"}}],\"inLanguage\":\"de\"},{\"@type\":\"Organization\",\"@id\":\"https:\/\/www.rotaneo.sk\/#organization\",\"name\":\"Rotaneo, s.r.o.\",\"url\":\"https:\/\/www.rotaneo.sk\/\",\"logo\":{\"@type\":\"ImageObject\",\"inLanguage\":\"de\",\"@id\":\"https:\/\/www.rotaneo.sk\/#\/schema\/logo\/image\/\",\"url\":\"https:\/\/rotaneo.upvision.site\/wp-content\/uploads\/2024\/05\/logo-black.svg\",\"contentUrl\":\"https:\/\/rotaneo.upvision.site\/wp-content\/uploads\/2024\/05\/logo-black.svg\",\"width\":151,\"height\":56,\"caption\":\"Rotaneo, s.r.o.\"},\"image\":{\"@id\":\"https:\/\/www.rotaneo.sk\/#\/schema\/logo\/image\/\"}}]}<\/script>\n<!-- \/ Yoast SEO plugin. -->","yoast_head_json":{"title":"D\u00fcsen zum Strahlen | Rotaneo","robots":{"index":"index","follow":"follow","max-snippet":"max-snippet:-1","max-image-preview":"max-image-preview:large","max-video-preview":"max-video-preview:-1"},"canonical":"https:\/\/www.rotaneo.sk\/de\/duesen-zum-strahlen\/","og_locale":"de_DE","og_type":"article","og_title":"D\u00fcsen zum Strahlen | Rotaneo","og_description":"[vc_row][vc_column][\/vc_column][\/vc_row][vc_row css=&#8220;.vc_custom_1716556368090{margin-top: 80px !important;}&#8220; woodmart_css_id=&#8220;66509249a344d&#8220; responsive_spacing=&#8220;eyJwYXJhbV90eXBlIjoid29vZG1hcnRfcmVzcG9uc2l2ZV9zcGFjaW5nIiwic2VsZWN0b3JfaWQiOiI2NjUwOTI0OWEzNDRkIiwic2hvcnRjb2RlIjoidmNfcm93IiwiZGF0YSI6eyJ0YWJsZXQiOnt9LCJtb2JpbGUiOnt9fX0=&#8220; mobile_bg_img_hidden=&#8220;no&#8220; tablet_bg_img_hidden=&#8220;no&#8220; woodmart_parallax=&#8220;0&#8243; woodmart_gradient_switch=&#8220;no&#8220; woodmart_box_shadow=&#8220;no&#8220; wd_z_index=&#8220;no&#8220; woodmart_disable_overflow=&#8220;0&#8243; row_reverse_mobile=&#8220;0&#8243; row_reverse_tablet=&#8220;0&#8243;][vc_column][vc_basic_grid post_type=&#8220;portfolio&#8220; max_items=&#8220;10&#8243; item=&#8220;78&#8243; css=&#8220;&#8220; grid_id=&#8220;vc_gid:1716560004691-5dd196c4b70b990292bc646c31c9f27a-1&#8243;","og_url":"https:\/\/www.rotaneo.sk\/de\/duesen-zum-strahlen\/","og_site_name":"Rotaneo","article_modified_time":"2024-07-10T11:02:30+00:00","og_image":[{"width":580,"height":379,"url":"https:\/\/www.rotaneo.sk\/wp-content\/uploads\/2024\/06\/Trysky-na-otryskavanie.png","type":"image\/png"}],"twitter_card":"summary_large_image","twitter_misc":{"Gesch\u00e4tzte Lesezeit":"2\u00a0Minuten"},"schema":{"@context":"https:\/\/schema.org","@graph":[{"@type":"WebPage","@id":"https:\/\/www.rotaneo.sk\/de\/duesen-zum-strahlen\/","url":"https:\/\/www.rotaneo.sk\/de\/duesen-zum-strahlen\/","name":"D\u00fcsen zum Strahlen | Rotaneo","isPartOf":{"@id":"https:\/\/www.rotaneo.sk\/#website"},"primaryImageOfPage":{"@id":"https:\/\/www.rotaneo.sk\/de\/duesen-zum-strahlen\/#primaryimage"},"image":{"@id":"https:\/\/www.rotaneo.sk\/de\/duesen-zum-strahlen\/#primaryimage"},"thumbnailUrl":"https:\/\/www.rotaneo.sk\/wp-content\/uploads\/2024\/06\/Trysky-na-otryskavanie.png","datePublished":"2024-07-10T11:02:29+00:00","dateModified":"2024-07-10T11:02:30+00:00","breadcrumb":{"@id":"https:\/\/www.rotaneo.sk\/de\/duesen-zum-strahlen\/#breadcrumb"},"inLanguage":"de","potentialAction":[{"@type":"ReadAction","target":["https:\/\/www.rotaneo.sk\/de\/duesen-zum-strahlen\/"]}]},{"@type":"ImageObject","inLanguage":"de","@id":"https:\/\/www.rotaneo.sk\/de\/duesen-zum-strahlen\/#primaryimage","url":"https:\/\/www.rotaneo.sk\/wp-content\/uploads\/2024\/06\/Trysky-na-otryskavanie.png","contentUrl":"https:\/\/www.rotaneo.sk\/wp-content\/uploads\/2024\/06\/Trysky-na-otryskavanie.png","width":580,"height":379},{"@type":"BreadcrumbList","@id":"https:\/\/www.rotaneo.sk\/de\/duesen-zum-strahlen\/#breadcrumb","itemListElement":[{"@type":"ListItem","position":1,"name":"Domovsk\u00e1 str\u00e1nka","item":"https:\/\/www.rotaneo.sk\/de\/"},{"@type":"ListItem","position":2,"name":"D\u00fcsen zum Strahlen"}]},{"@type":"WebSite","@id":"https:\/\/www.rotaneo.sk\/#website","url":"https:\/\/www.rotaneo.sk\/","name":"Rotaneo","description":"Profesion\u00e1lny v\u00fdrobca technickej keramiky","publisher":{"@id":"https:\/\/www.rotaneo.sk\/#organization"},"potentialAction":[{"@type":"SearchAction","target":{"@type":"EntryPoint","urlTemplate":"https:\/\/www.rotaneo.sk\/?s={search_term_string}"},"query-input":{"@type":"PropertyValueSpecification","valueRequired":true,"valueName":"search_term_string"}}],"inLanguage":"de"},{"@type":"Organization","@id":"https:\/\/www.rotaneo.sk\/#organization","name":"Rotaneo, s.r.o.","url":"https:\/\/www.rotaneo.sk\/","logo":{"@type":"ImageObject","inLanguage":"de","@id":"https:\/\/www.rotaneo.sk\/#\/schema\/logo\/image\/","url":"https:\/\/rotaneo.upvision.site\/wp-content\/uploads\/2024\/05\/logo-black.svg","contentUrl":"https:\/\/rotaneo.upvision.site\/wp-content\/uploads\/2024\/05\/logo-black.svg","width":151,"height":56,"caption":"Rotaneo, s.r.o."},"image":{"@id":"https:\/\/www.rotaneo.sk\/#\/schema\/logo\/image\/"}}]}},"_links":{"self":[{"href":"https:\/\/www.rotaneo.sk\/de\/wp-json\/wp\/v2\/pages\/629","targetHints":{"allow":["GET"]}}],"collection":[{"href":"https:\/\/www.rotaneo.sk\/de\/wp-json\/wp\/v2\/pages"}],"about":[{"href":"https:\/\/www.rotaneo.sk\/de\/wp-json\/wp\/v2\/types\/page"}],"author":[{"embeddable":true,"href":"https:\/\/www.rotaneo.sk\/de\/wp-json\/wp\/v2\/users\/1"}],"replies":[{"embeddable":true,"href":"https:\/\/www.rotaneo.sk\/de\/wp-json\/wp\/v2\/comments?post=629"}],"version-history":[{"count":2,"href":"https:\/\/www.rotaneo.sk\/de\/wp-json\/wp\/v2\/pages\/629\/revisions"}],"predecessor-version":[{"id":634,"href":"https:\/\/www.rotaneo.sk\/de\/wp-json\/wp\/v2\/pages\/629\/revisions\/634"}],"wp:featuredmedia":[{"embeddable":true,"href":"https:\/\/www.rotaneo.sk\/de\/wp-json\/wp\/v2\/media\/390"}],"wp:attachment":[{"href":"https:\/\/www.rotaneo.sk\/de\/wp-json\/wp\/v2\/media?parent=629"}],"curies":[{"name":"wp","href":"https:\/\/api.w.org\/{rel}","templated":true}]}}